{"id":31,"date":"2021-03-09T22:42:31","date_gmt":"2021-03-09T21:42:31","guid":{"rendered":"http:\/\/www.korint.net\/?page_id=31"},"modified":"2021-03-10T23:28:08","modified_gmt":"2021-03-10T22:28:08","slug":"cenik","status":"publish","type":"page","link":"https:\/\/www.korint.net\/?page_id=31","title":{"rendered":"Cen\u00edk"},"content":{"rendered":"\n<p><strong>Pevn\u00fd internet<\/strong><\/p>\n\n\n\n<table id=\"tablepress-1\" class=\"tablepress tablepress-id-1\">\n<thead>\n<tr class=\"row-1 odd\">\n\t<th class=\"column-1\">Tarif<\/th><th colspan=\"2\" class=\"column-2\">Maxim\u00e1ln\u00ed inzerovan\u00e1 rychlost<\/th><th colspan=\"2\" class=\"column-4\">B\u011b\u017en\u011b dostupn\u00e1 rychlost<\/th><th colspan=\"2\" class=\"column-6\">Minim\u00e1ln\u00ed dostupn\u00e1 rychlost<\/th>\n<\/tr>\n<\/thead>\n<tbody class=\"row-hover\">\n<tr class=\"row-2 even\">\n\t<td class=\"column-1\"><\/td><td class=\"column-2\">Stahov\u00e1n\u00ed<\/td><td class=\"column-3\">Odes\u00edl\u00e1n\u00ed<\/td><td class=\"column-4\">Stahov\u00e1n\u00ed<\/td><td class=\"column-5\">Odes\u00edl\u00e1n\u00ed<\/td><td class=\"column-6\">Stahov\u00e1n\u00ed<\/td><td class=\"column-7\">Odes\u00edl\u00e1n\u00ed<\/td>\n<\/tr>\n<tr class=\"row-3 odd\">\n\t<td class=\"column-1\">WiFi 1<\/td><td class=\"column-2\">10 240 kb\/s<\/td><td class=\"column-3\">2 048 kb\/s<\/td><td class=\"column-4\">6 144 kb\/s<\/td><td class=\"column-5\">1 228 kb\/s<\/td><td class=\"column-6\">3 072 kb\/s<\/td><td class=\"column-7\">614 kb\/s<\/td>\n<\/tr>\n<tr class=\"row-4 even\">\n\t<td class=\"column-1\">WiFi 2<\/td><td class=\"column-2\">20 480 kb\/s<\/td><td class=\"column-3\">4 096 kb\/s<\/td><td class=\"column-4\">12 288 kb\/s<\/td><td class=\"column-5\">2 456 kb\/s<\/td><td class=\"column-6\">6 144 kb\/s<\/td><td class=\"column-7\">1 228 kb\/s<\/td>\n<\/tr>\n<\/tbody>\n<\/table>\n<!-- #tablepress-1 from cache -->\n\n\n\n<table id=\"tablepress-2\" class=\"tablepress tablepress-id-2\">\n<thead>\n<tr class=\"row-1 odd\">\n\t<th class=\"column-1\">Tarif<\/th><th class=\"column-2\">Cena \/ m\u011bs\u00edc s DPH<\/th>\n<\/tr>\n<\/thead>\n<tbody class=\"row-hover\">\n<tr class=\"row-2 even\">\n\t<td class=\"column-1\">WiFi 1<\/td><td class=\"column-2\">250 K\u010d<\/td>\n<\/tr>\n<tr class=\"row-3 odd\">\n\t<td class=\"column-1\">WiFi 2<\/td><td class=\"column-2\">350 K\u010d<\/td>\n<\/tr>\n<tr class=\"row-4 even\">\n\t<td class=\"column-1\">Na m\u00edru<\/td><td class=\"column-2\">dle dohody<\/td>\n<\/tr>\n<\/tbody>\n<\/table>\n<!-- #tablepress-2 from cache -->\n","protected":false},"excerpt":{"rendered":"<p>Pevn\u00fd internet<\/p>\n","protected":false},"author":1,"featured_media":0,"parent":0,"menu_order":0,"comment_status":"closed","ping_status":"closed","template":"","meta":[],"_links":{"self":[{"href":"https:\/\/www.korint.net\/index.php?rest_route=\/wp\/v2\/pages\/31"}],"collection":[{"href":"https:\/\/www.korint.net\/index.php?rest_route=\/wp\/v2\/pages"}],"about":[{"href":"https:\/\/www.korint.net\/index.php?rest_route=\/wp\/v2\/types\/page"}],"author":[{"embeddable":true,"href":"https:\/\/www.korint.net\/index.php?rest_route=\/wp\/v2\/users\/1"}],"replies":[{"embeddable":true,"href":"https:\/\/www.korint.net\/index.php?rest_route=%2Fwp%2Fv2%2Fcomments&post=31"}],"version-history":[{"count":3,"href":"https:\/\/www.korint.net\/index.php?rest_route=\/wp\/v2\/pages\/31\/revisions"}],"predecessor-version":[{"id":38,"href":"https:\/\/www.korint.net\/index.php?rest_route=\/wp\/v2\/pages\/31\/revisions\/38"}],"wp:attachment":[{"href":"https:\/\/www.korint.net\/index.php?rest_route=%2Fwp%2Fv2%2Fmedia&parent=31"}],"curies":[{"name":"wp","href":"https:\/\/api.w.org\/{rel}","templated":true}]}}