{"id":40,"date":"2021-03-10T21:50:18","date_gmt":"2021-03-10T20:50:18","guid":{"rendered":"http:\/\/www.korint.net\/?page_id=40"},"modified":"2021-03-16T00:03:49","modified_gmt":"2021-03-15T23:03:49","slug":"dokumenty","status":"publish","type":"page","link":"https:\/\/www.korint.net\/?page_id=40","title":{"rendered":"Dokumenty"},"content":{"rendered":"\n<p><strong>Zde najdete d\u016fle\u017eit\u00e9 dokumenty:<\/strong><\/p>\n\n\n\n<p>V\u0161eobecn\u00e9 podm\u00ednky: <a href=\"http:\/\/www.korint.net\/wp-content\/uploads\/2021\/03\/vseobecne_podminky.pdf\" target=\"_blank\" rel=\"noreferrer noopener\">http:\/\/www.korint.net\/wp-content\/uploads\/2021\/03\/vseobecne_podminky.pdf<\/a><\/p>\n\n\n\n<p>N\u00e1vrh smlouvy: <a href=\"http:\/\/www.korint.net\/wp-content\/uploads\/2021\/03\/vzor_smlouva.pdf\" target=\"_blank\" rel=\"noreferrer noopener\">http:\/\/www.korint.net\/wp-content\/uploads\/2021\/03\/vzor_smlouva.pdf<\/a><\/p>\n\n\n\n<p>Popis rozhran\u00ed: <a href=\"http:\/\/www.korint.net\/wp-content\/uploads\/2021\/03\/rozhrani1.pdf\" data-type=\"URL\" data-id=\"http:\/\/www.korint.net\/wp-content\/uploads\/2021\/03\/rozhrani1.pdf\" target=\"_blank\" rel=\"noreferrer noopener\">http:\/\/www.korint.net\/wp-content\/uploads\/2021\/03\/rozhrani1.pdf<\/a><\/p>\n","protected":false},"excerpt":{"rendered":"<p>Zde najdete d\u016fle\u017eit\u00e9 dokumenty: V\u0161eobecn\u00e9 podm\u00ednky: http:\/\/www.korint.net\/wp-content\/uploads\/2021\/03\/vseobecne_podminky.pdf N\u00e1vrh smlouvy: http:\/\/www.korint.net\/wp-content\/uploads\/2021\/03\/vzor_smlouva.pdf Popis rozhran\u00ed: http:\/\/www.korint.net\/wp-content\/uploads\/2021\/03\/rozhrani1.pdf<\/p>\n","protected":false},"author":1,"featured_media":0,"parent":0,"menu_order":0,"comment_status":"closed","ping_status":"closed","template":"","meta":[],"_links":{"self":[{"href":"https:\/\/www.korint.net\/index.php?rest_route=\/wp\/v2\/pages\/40"}],"collection":[{"href":"https:\/\/www.korint.net\/index.php?rest_route=\/wp\/v2\/pages"}],"about":[{"href":"https:\/\/www.korint.net\/index.php?rest_route=\/wp\/v2\/types\/page"}],"author":[{"embeddable":true,"href":"https:\/\/www.korint.net\/index.php?rest_route=\/wp\/v2\/users\/1"}],"replies":[{"embeddable":true,"href":"https:\/\/www.korint.net\/index.php?rest_route=%2Fwp%2Fv2%2Fcomments&post=40"}],"version-history":[{"count":8,"href":"https:\/\/www.korint.net\/index.php?rest_route=\/wp\/v2\/pages\/40\/revisions"}],"predecessor-version":[{"id":77,"href":"https:\/\/www.korint.net\/index.php?rest_route=\/wp\/v2\/pages\/40\/revisions\/77"}],"wp:attachment":[{"href":"https:\/\/www.korint.net\/index.php?rest_route=%2Fwp%2Fv2%2Fmedia&parent=40"}],"curies":[{"name":"wp","href":"https:\/\/api.w.org\/{rel}","templated":true}]}}